{"id":8818,"date":"2020-08-12T23:45:01","date_gmt":"2020-08-12T21:45:01","guid":{"rendered":"https:\/\/beta.phonak.com.pl\/?page_id=8818"},"modified":"2022-04-13T09:35:03","modified_gmt":"2022-04-13T07:35:03","slug":"polityka-prywatnosci","status":"publish","type":"page","link":"https:\/\/phonak.com.pl\/staging\/polityka-prywatnosci\/","title":{"rendered":"Polityka dotycz\u0105c\u0105 plik\u00f3w cookie"},"content":{"rendered":"<p><strong>1. CZYM S\u0104 PLIKI COOKIE I INNE NARZ\u0118DZIA \u015aLEDZ\u0104CE?<\/strong><\/p>\n<p>Cookies to ma\u0142e pliki przechowywane przez wi\u0119kszo\u015b\u0107 przegl\u0105darek internetowych w celu \u015bledzenia informacji o odwiedzaj\u0105cym i umo\u017cliwienia Sonova lepszego dopasowania swojej oferty internetowej do jego potrzeb. Podczas wizyty na naszej stronie, Sonova u\u017cywa czterech rodzaj\u00f3w plik\u00f3w cookie. Ich okres przechowywania mo\u017ce by\u0107 inny w ka\u017cdym kraju i uzale\u017cniony od wewn\u0119trznych przepis\u00f3w prawa<\/p>\n<p><strong>2. JAKICH PLIK\u00d3W COOKIE U\u017bYWAMY I DLACZEGO?<\/strong><\/p>\n<ul>\n<li>\u015aci\u015ble niezb\u0119dne pliki cookie: te pliki cookie s\u0105 niezb\u0119dne do zapewnienia Pa\u0144stwu podstawowych funkcji naszej strony internetowej i nie mog\u0105 by\u0107 wy\u0142\u0105czone w naszych systemach.<\/li>\n<li>Funkcjonalne pliki cookie: te pliki cookie s\u0105 wykorzystywane do zapewnienia wi\u0119kszej funkcjonalno\u015bci i personalizacji podczas Twojej wizyty.<\/li>\n<\/ul>\n<p>Niekt\u00f3re z plik\u00f3w cookie u\u017cywanych na naszych stronach internetowych s\u0105 ustawiane przez nas, a niekt\u00f3re przez podmioty trzecie w imieniu Sonova<br \/>\nPoni\u017cej znajduje si\u0119 lista wszystkich plik\u00f3w cookie i innych narz\u0119dzi \u015bledz\u0105cych u\u017cywanych przez t\u0119 witryn\u0119:<\/p>\n<p>&nbsp;<\/p>\n<table cellspacing=\"0\" cellpadding=\"0\">\n<tbody>\n<tr>\n<td valign=\"top\">\n<p align=\"center\">Pliki cookie lub inne narz\u0119dzia do \u015bledzenia<\/p>\n<\/td>\n<td valign=\"top\">\n<p align=\"center\">Kategoria<\/p>\n<\/td>\n<td valign=\"top\">\n<p align=\"center\">\u017bywtono\u015b\u0107<\/p>\n<\/td>\n<td valign=\"top\">\n<p align=\"center\">Podmiot trzeci lub\u00a0w\u0142asny plik cookie<\/p>\n<\/td>\n<\/tr>\n<tr>\n<td valign=\"top\">moove_gdpr_popup<\/td>\n<td valign=\"top\">Funkcjonalny plik cookie<\/td>\n<td valign=\"top\">Sesja<\/td>\n<td valign=\"top\">W\u0142asny<\/td>\n<\/tr>\n<tr>\n<td valign=\"top\">wp-settings-time-1<\/td>\n<td valign=\"top\">Niezb\u0119dny plik cookie<\/td>\n<td valign=\"top\">6 miesi\u0119cy<\/td>\n<td valign=\"top\">W\u0142asny<\/td>\n<\/tr>\n<tr>\n<td valign=\"top\">wp-settings-1<\/td>\n<td valign=\"top\">Niezb\u0119dny plik cookie<\/td>\n<td valign=\"top\">6 miesi\u0119cy<\/td>\n<td valign=\"top\">W\u0142asny<\/td>\n<\/tr>\n<tr>\n<td valign=\"top\">wordpress_sec_<\/td>\n<td valign=\"top\">Niezb\u0119dny plik cookie<\/td>\n<td valign=\"top\">6 miesi\u0119cy<\/td>\n<td valign=\"top\">W\u0142asny<\/td>\n<\/tr>\n<tr>\n<td valign=\"top\">wordpress_logged_in_<\/td>\n<td valign=\"top\">Niezb\u0119dny plik cookie<\/td>\n<td valign=\"top\">6 miesi\u0119cy<\/td>\n<td valign=\"top\">W\u0142asny<\/td>\n<\/tr>\n<\/tbody>\n<\/table>\n<p><strong>3. JAK ZARZ\u0104DZA\u0106 PLIKAMI COOKIE?<\/strong><br \/>\nKa\u017cdy rodzaj plik\u00f3w cookie odzwierciedla konkretny cel. Na naszej stronie internetowej mo\u017cna \u0142atwo wyrazi\u0107 na ka\u017cdy z nich zgod\u0119. Akceptuj\u0105c wszystkie pliki cookie, u\u017cytkownik b\u0119dzie mia\u0142 w pe\u0142ni spersonalizowan\u0105 stron\u0119 internetow\u0105. Pozostawiamy jednak Pa\u0144stwu mo\u017cliwo\u015b\u0107 wyboru rodzaju plik\u00f3w cookie, kt\u00f3re b\u0119d\u0105 akceptowane lub blokowane, ale mo\u017ce to wp\u0142yn\u0105\u0107 na Pa\u0144stwa do\u015bwiadczenia zwi\u0105zane z korzystaniem z witryny i oferowanych przez nas us\u0142ug. Niemniej jednak, mog\u0105 Pa\u0144stwo korzysta\u0107 z serwisu nawet w przypadku odmowy zgody na niekt\u00f3re pliki cookie, z wyj\u0105tkiem \u015bci\u015ble niezb\u0119dnych plik\u00f3w cookie.<\/p>\n<p>Aby wycofa\u0107 lub zmieni\u0107 swoj\u0105 zgod\u0119, prosz\u0119 klikn\u0105\u0107 <a href=\"#\" data-href=\"#moove_gdpr_cookie_modal\" aria-label=\"Cookie Preferences\"><strong>tutaj<\/strong><\/a>:<br \/>\nJe\u015bli nie s\u0105 Pa\u0144stwo zainteresowani korzy\u015bciami p\u0142yn\u0105cymi z zastosowania naszych plik\u00f3w cookie, funkcja &#8222;Pomoc&#8221; Pa\u0144stwa przegl\u0105darki internetowej mo\u017ce dostarczy\u0107 instrukcji, jak zapobiec stosowaniu plik\u00f3w cookie lub usun\u0105\u0107 istniej\u0105ce pliki cookie. Ponadto mo\u017cna dowiedzie\u0107 si\u0119, jak zablokowa\u0107 wszystkie nowe pliki cookie w przegl\u0105darce i jakie kroki nale\u017cy wykona\u0107, aby otrzymywa\u0107 powiadomienia o nowych plikach cookie.<\/p>\n<p>W ka\u017cdym przypadku Pa\u0144stwa wyb\u00f3r (zgoda\/odmowa) b\u0119dzie przechowywany przez okres 6 miesi\u0119cy.<\/p>\n<p>Bardzo pomocne informacje na temat plik\u00f3w cookie mo\u017cna znale\u017a\u0107 na nast\u0119puj\u0105cych stronach internetowych: http:\/\/www.allaboutcookies.org\/ lub https:\/\/cookiepedia.co.uk<\/p>\n<p><strong>4. JAK SI\u0118 Z NAMI SKONTAKTOWA\u0106?<\/strong><br \/>\nW przypadku jakichkolwiek pyta\u0144, uwag lub w\u0105tpliwo\u015bci dotycz\u0105cych niniejszych warunk\u00f3w lub w celu skorzystania z prawa do ochrony prywatno\u015bci w odniesieniu do danych osobowych, przys\u0142uguj\u0105cego na mocy obowi\u0105zuj\u0105cych przepis\u00f3w, nale\u017cy skontaktowa\u0107 si\u0119 z naszym inspektorem ochrony danych pod nast\u0119puj\u0105cym adresem e-mail: <a href=\"mailto:privacy@sonova.com\">privacy@sonova.com<\/a><br \/>\nWi\u0119cej informacji mo\u017cna znale\u017a\u0107 w naszej <strong><a href=\"https:\/\/phonak.com.pl\/staging\/staging\/polityka-prywatnosci\/\">polityce dotycz\u0105cej stron internetowych i plik\u00f3w cookie<\/a>.<\/strong><\/p>\n","protected":false},"excerpt":{"rendered":"<p>1. CZYM S\u0104 PLIKI COOKIE I INNE NARZ\u0118DZIA \u015aLEDZ\u0104CE? Cookies to ma\u0142e pliki przechowywane przez wi\u0119kszo\u015b\u0107 przegl\u0105darek internetowych w celu \u015bledzenia informacji o odwiedzaj\u0105cym i umo\u017cliwienia Sonova lepszego dopasowania swojej oferty internetowej do jego potrzeb. Podczas wizyty na naszej stronie, Sonova u\u017cywa czterech rodzaj\u00f3w plik\u00f3w cookie. Ich okres przechowywania mo\u017ce by\u0107 inny w ka\u017cdym kraju [&hellip;]<\/p>\n","protected":false},"author":1,"featured_media":0,"parent":0,"menu_order":0,"comment_status":"closed","ping_status":"closed","template":"templates\/content-no-sidebar.php","meta":{"footnotes":""},"yoast_head":"<!-- This site is optimized with the Yoast SEO plugin v18.9 - https:\/\/yoast.com\/wordpress\/plugins\/seo\/ -->\n<title>Polityka dotycz\u0105c\u0105 plik\u00f3w cookie - Phonak<\/title>\n<meta name=\"robots\" content=\"noindex, follow, max-snippet:-1, max-image-preview:large, max-video-preview:-1\" \/>\n<meta property=\"og:locale\" content=\"pl_PL\" \/>\n<meta property=\"og:type\" content=\"article\" \/>\n<meta property=\"og:title\" content=\"Polityka dotycz\u0105c\u0105 plik\u00f3w cookie - Phonak\" \/>\n<meta property=\"og:description\" content=\"1. CZYM S\u0104 PLIKI COOKIE I INNE NARZ\u0118DZIA \u015aLEDZ\u0104CE? Cookies to ma\u0142e pliki przechowywane przez wi\u0119kszo\u015b\u0107 przegl\u0105darek internetowych w celu \u015bledzenia informacji o odwiedzaj\u0105cym i umo\u017cliwienia Sonova lepszego dopasowania swojej oferty internetowej do jego potrzeb. Podczas wizyty na naszej stronie, Sonova u\u017cywa czterech rodzaj\u00f3w plik\u00f3w cookie. Ich okres przechowywania mo\u017ce by\u0107 inny w ka\u017cdym kraju [&hellip;]\" \/>\n<meta property=\"og:url\" content=\"https:\/\/phonak.com.pl\/staging\/polityka-prywatnosci\/\" \/>\n<meta property=\"og:site_name\" content=\"Phonak\" \/>\n<meta property=\"article:modified_time\" content=\"2022-04-13T07:35:03+00:00\" \/>\n<meta name=\"twitter:card\" content=\"summary_large_image\" \/>\n<meta name=\"twitter:label1\" content=\"Szacowany czas czytania\" \/>\n\t<meta name=\"twitter:data1\" content=\"3 minuty\" \/>\n<script type=\"application\/ld+json\" class=\"yoast-schema-graph\">{\"@context\":\"https:\/\/schema.org\",\"@graph\":[{\"@type\":\"WebSite\",\"@id\":\"https:\/\/phonak.com.pl\/staging\/#website\",\"url\":\"https:\/\/phonak.com.pl\/staging\/\",\"name\":\"Phonak\",\"description\":\"\",\"potentialAction\":[{\"@type\":\"SearchAction\",\"target\":{\"@type\":\"EntryPoint\",\"urlTemplate\":\"https:\/\/phonak.com.pl\/staging\/?s={search_term_string}\"},\"query-input\":\"required name=search_term_string\"}],\"inLanguage\":\"pl-PL\"},{\"@type\":\"WebPage\",\"@id\":\"https:\/\/phonak.com.pl\/staging\/polityka-prywatnosci\/#webpage\",\"url\":\"https:\/\/phonak.com.pl\/staging\/polityka-prywatnosci\/\",\"name\":\"Polityka dotycz\u0105c\u0105 plik\u00f3w cookie - Phonak\",\"isPartOf\":{\"@id\":\"https:\/\/phonak.com.pl\/staging\/#website\"},\"datePublished\":\"2020-08-12T21:45:01+00:00\",\"dateModified\":\"2022-04-13T07:35:03+00:00\",\"breadcrumb\":{\"@id\":\"https:\/\/phonak.com.pl\/staging\/polityka-prywatnosci\/#breadcrumb\"},\"inLanguage\":\"pl-PL\",\"potentialAction\":[{\"@type\":\"ReadAction\",\"target\":[\"https:\/\/phonak.com.pl\/staging\/polityka-prywatnosci\/\"]}]},{\"@type\":\"BreadcrumbList\",\"@id\":\"https:\/\/phonak.com.pl\/staging\/polityka-prywatnosci\/#breadcrumb\",\"itemListElement\":[{\"@type\":\"ListItem\",\"position\":1,\"name\":\"Strona g\u0142\u00f3wna\",\"item\":\"https:\/\/phonak.com.pl\/staging\/\"},{\"@type\":\"ListItem\",\"position\":2,\"name\":\"Polityka dotycz\u0105c\u0105 plik\u00f3w cookie\"}]}]}<\/script>\n<!-- \/ Yoast SEO plugin. -->","yoast_head_json":{"title":"Polityka dotycz\u0105c\u0105 plik\u00f3w cookie - Phonak","robots":{"index":"noindex","follow":"follow","max-snippet":"max-snippet:-1","max-image-preview":"max-image-preview:large","max-video-preview":"max-video-preview:-1"},"og_locale":"pl_PL","og_type":"article","og_title":"Polityka dotycz\u0105c\u0105 plik\u00f3w cookie - Phonak","og_description":"1. CZYM S\u0104 PLIKI COOKIE I INNE NARZ\u0118DZIA \u015aLEDZ\u0104CE? Cookies to ma\u0142e pliki przechowywane przez wi\u0119kszo\u015b\u0107 przegl\u0105darek internetowych w celu \u015bledzenia informacji o odwiedzaj\u0105cym i umo\u017cliwienia Sonova lepszego dopasowania swojej oferty internetowej do jego potrzeb. Podczas wizyty na naszej stronie, Sonova u\u017cywa czterech rodzaj\u00f3w plik\u00f3w cookie. Ich okres przechowywania mo\u017ce by\u0107 inny w ka\u017cdym kraju [&hellip;]","og_url":"https:\/\/phonak.com.pl\/staging\/polityka-prywatnosci\/","og_site_name":"Phonak","article_modified_time":"2022-04-13T07:35:03+00:00","twitter_card":"summary_large_image","twitter_misc":{"Szacowany czas czytania":"3 minuty"},"schema":{"@context":"https:\/\/schema.org","@graph":[{"@type":"WebSite","@id":"https:\/\/phonak.com.pl\/staging\/#website","url":"https:\/\/phonak.com.pl\/staging\/","name":"Phonak","description":"","potentialAction":[{"@type":"SearchAction","target":{"@type":"EntryPoint","urlTemplate":"https:\/\/phonak.com.pl\/staging\/?s={search_term_string}"},"query-input":"required name=search_term_string"}],"inLanguage":"pl-PL"},{"@type":"WebPage","@id":"https:\/\/phonak.com.pl\/staging\/polityka-prywatnosci\/#webpage","url":"https:\/\/phonak.com.pl\/staging\/polityka-prywatnosci\/","name":"Polityka dotycz\u0105c\u0105 plik\u00f3w cookie - Phonak","isPartOf":{"@id":"https:\/\/phonak.com.pl\/staging\/#website"},"datePublished":"2020-08-12T21:45:01+00:00","dateModified":"2022-04-13T07:35:03+00:00","breadcrumb":{"@id":"https:\/\/phonak.com.pl\/staging\/polityka-prywatnosci\/#breadcrumb"},"inLanguage":"pl-PL","potentialAction":[{"@type":"ReadAction","target":["https:\/\/phonak.com.pl\/staging\/polityka-prywatnosci\/"]}]},{"@type":"BreadcrumbList","@id":"https:\/\/phonak.com.pl\/staging\/polityka-prywatnosci\/#breadcrumb","itemListElement":[{"@type":"ListItem","position":1,"name":"Strona g\u0142\u00f3wna","item":"https:\/\/phonak.com.pl\/staging\/"},{"@type":"ListItem","position":2,"name":"Polityka dotycz\u0105c\u0105 plik\u00f3w cookie"}]}]}},"meta_box":[],"_links":{"self":[{"href":"https:\/\/phonak.com.pl\/staging\/wp-json\/wp\/v2\/pages\/8818"}],"collection":[{"href":"https:\/\/phonak.com.pl\/staging\/wp-json\/wp\/v2\/pages"}],"about":[{"href":"https:\/\/phonak.com.pl\/staging\/wp-json\/wp\/v2\/types\/page"}],"author":[{"embeddable":true,"href":"https:\/\/phonak.com.pl\/staging\/wp-json\/wp\/v2\/users\/1"}],"replies":[{"embeddable":true,"href":"https:\/\/phonak.com.pl\/staging\/wp-json\/wp\/v2\/comments?post=8818"}],"version-history":[{"count":4,"href":"https:\/\/phonak.com.pl\/staging\/wp-json\/wp\/v2\/pages\/8818\/revisions"}],"predecessor-version":[{"id":10244,"href":"https:\/\/phonak.com.pl\/staging\/wp-json\/wp\/v2\/pages\/8818\/revisions\/10244"}],"wp:attachment":[{"href":"https:\/\/phonak.com.pl\/staging\/wp-json\/wp\/v2\/media?parent=8818"}],"curies":[{"name":"wp","href":"https:\/\/api.w.org\/{rel}","templated":true}]}}